{"id":281,"date":"2023-07-03T23:38:06","date_gmt":"2023-07-04T02:38:06","guid":{"rendered":"https:\/\/alejodillor.art\/?page_id=281"},"modified":"2025-12-12T13:46:11","modified_gmt":"2025-12-12T16:46:11","slug":"about-me","status":"publish","type":"page","link":"https:\/\/alejodillor.art\/?page_id=281","title":{"rendered":"About me"},"content":{"rendered":"\n<div style=\"height:15px\" aria-hidden=\"true\" class=\"wp-block-spacer\"><\/div>\n\n\n\n<div class=\"wp-block-columns is-layout-flex wp-container-core-columns-is-layout-28f84493 wp-block-columns-is-layout-flex\">\n<div class=\"wp-block-column is-layout-flow wp-block-column-is-layout-flow\">\n<h3 class=\"wp-block-heading\">Bio<\/h3>\n\n\n\n<p>Alejo Dillor (born 1995 in Buenos Aires, Argentina) is a visual artist and teacher, holding a Bachelor&#8217;s degree in Arts Management and History from the University of Salvador. He is pursuing a Master&#8217;s degree in Cultural Management at the University of San Andr\u00e9s.<\/p>\n\n\n\n<p>In 2019, he started his project &#8220;Punto Rosa&#8221; to explore, through photography and critique, different ways of thinking about homosexuality, homoeroticism, and masculinities.<\/p>\n\n\n\n<p>In his teaching career, he works as a professor in Aesthetics (UCES) and a teaching assistant in Photography (UBA, UCES). He also conducts his own workshops for artists.<\/p>\n\n\n\n<p>In November 2019, he was awarded the Young Stimulus Prize in the 7th Edition of the ArtexArte Prize by the Alfonso and Luz Castillo Foundation. Currently, he is represented by The Little Black Gallery of London for the project &#8220;BOYS! BOYS! BOYS!&#8221; and by Galer\u00eda COLADA in Argentina.<\/p>\n<\/div>\n\n\n\n<div class=\"wp-block-column is-layout-flow wp-block-column-is-layout-flow\">\n<h3 class=\"wp-block-heading\">Statement<\/h3>\n\n\n\n<p>My work captures nostalgic moments much like a personal diary that is always in motion, continuously evolving and unfolding. It encapsulates thoughts and records of an eternal, playful youth, bringing to life a sense of timelessness and carefree exuberance. This playful essence is hidden within minimal, almost imperceptible gestures, vulnerabilities, and impulses. These are the subtle aspects of ourselves that we typically conceal behind a protective shield in our everyday lives, masking them to fit societal norms and expectations. However, it is in moments of intimacy and personal connection that these true, unguarded expressions emerge. My art seeks to explore these hidden facets, inviting viewers to recognize and embrace their own concealed emotions and memories, allowing them to reconnect with the innocent, joyous spirit of their youth.<\/p>\n\n\n\n<figure class=\"wp-block-image aligncenter size-large is-resized wp-duotone-unset-1\"><img loading=\"lazy\" decoding=\"async\" width=\"683\" height=\"1024\" data-attachment-id=\"1277\" data-permalink=\"https:\/\/alejodillor.art\/?attachment_id=1277\" data-orig-file=\"https:\/\/alejodillor.art\/wp-content\/uploads\/2025\/12\/08102025-IMG_2909-scaled.jpg\" data-orig-size=\"1706,2560\" data-comments-opened=\"0\" data-image-meta=\"{&quot;aperture&quot;:&quot;3.5&quot;,&quot;credit&quot;:&quot;ALEJO DILLOR&quot;,&quot;camera&quot;:&quot;Canon EOS REBEL T5i&quot;,&quot;caption&quot;:&quot;&quot;,&quot;created_timestamp&quot;:&quot;1759963402&quot;,&quot;copyright&quot;:&quot;ALL RIGHTS RESERVED TO AUTHOR&quot;,&quot;focal_length&quot;:&quot;50&quot;,&quot;iso&quot;:&quot;6400&quot;,&quot;shutter_speed&quot;:&quot;0.008&quot;,&quot;title&quot;:&quot;&quot;,&quot;orientation&quot;:&quot;0&quot;}\" data-image-title=\"08102025-IMG_2909\" data-image-description=\"\" data-image-caption=\"\" data-medium-file=\"https:\/\/alejodillor.art\/wp-content\/uploads\/2025\/12\/08102025-IMG_2909-200x300.jpg\" data-large-file=\"https:\/\/alejodillor.art\/wp-content\/uploads\/2025\/12\/08102025-IMG_2909-683x1024.jpg\" src=\"https:\/\/alejodillor.art\/wp-content\/uploads\/2025\/12\/08102025-IMG_2909-683x1024.jpg\" alt=\"\" class=\"wp-image-1277\" style=\"aspect-ratio:0.6670028576231299;width:180px;height:auto\" srcset=\"https:\/\/alejodillor.art\/wp-content\/uploads\/2025\/12\/08102025-IMG_2909-683x1024.jpg 683w, https:\/\/alejodillor.art\/wp-content\/uploads\/2025\/12\/08102025-IMG_2909-200x300.jpg 200w, https:\/\/alejodillor.art\/wp-content\/uploads\/2025\/12\/08102025-IMG_2909-768x1152.jpg 768w, https:\/\/alejodillor.art\/wp-content\/uploads\/2025\/12\/08102025-IMG_2909-1024x1536.jpg 1024w, https:\/\/alejodillor.art\/wp-content\/uploads\/2025\/12\/08102025-IMG_2909-1365x2048.jpg 1365w, https:\/\/alejodillor.art\/wp-content\/uploads\/2025\/12\/08102025-IMG_2909-scaled.jpg 1706w\" sizes=\"auto, (max-width: 683px) 100vw, 683px\" \/><\/figure>\n<\/div>\n<\/div>\n\n\n\n<h2 class=\"wp-block-heading\">CV<\/h2>\n\n\n\n<div class=\"wp-block-columns is-layout-flex wp-container-core-columns-is-layout-28f84493 wp-block-columns-is-layout-flex\">\n<div class=\"wp-block-column is-layout-flow wp-block-column-is-layout-flow\">\n<h4 class=\"wp-block-heading\">Awards<\/h4>\n\n\n\n<ul class=\"wp-block-list\">\n<li>Young Stimulus Award &#8211; VII ArtexArte Prize &#8211; Alfonso y Luz Castillo Foundation.<\/li>\n<\/ul>\n\n\n\n<h4 class=\"wp-block-heading\">Group Shows<\/h4>\n\n\n\n<ul class=\"wp-block-list\">\n<li>HOMOER\u00d3TICO: Sensualidad oculta y fantas\u00eda posmoderna &#8211; Buenos Aires &#8211; Wunsch Gallery &#8211; Curator: Ilsa Wolf. Nov 2025 to Feb 2026. <\/li>\n\n\n\n<li>Inauguraci\u00f3n Espacio COLADA &#8211;  Buenos Aires &#8211; COLADA Gallery &amp; Ed, November 2025.<\/li>\n\n\n\n<li>Pasajes\/Paisajes entre Bilbao y Buenos Aires &#8211; Wunsch Gallery &#8211; Curator: Fabro Tranchida &#8211; Dec 2024 to Feb 2025.<\/li>\n\n\n\n<li>Resistencia Sensible &#8211; Escenas del deseo y el amor. Fabro Tranchida, Sol Marinozzi y Alejo Dillor &#8211; EPA &#8211; Curator: Lul\u00fa Jankilevich &#8211; September, 2024. <\/li>\n\n\n\n<li>COSO &#8211; Curator: Lul\u00fa Jankilevich &#8211; EPA &#8211; August, 2024.<\/li>\n\n\n\n<li>&#8216;BOYS! BOYS! BOYS! World Pride&#8217; WorkingDog Gallery &#8211; Sydney, Australia &#8211; 2023. Curatorship: Paul McDonald and Ghislain Pascal.<\/li>\n\n\n\n<li>&#8216;Las Armas Tiernas&#8217; &#8211; Curatorship: Fabro Tranchida &#8211; Wunsch Gallery.<\/li>\n<\/ul>\n\n\n\n<h4 class=\"wp-block-heading\">Solo Shows<\/h4>\n\n\n\n<ul class=\"wp-block-list\">\n<li>Infraleves &#8211; Web Online Exhibition &#8211; 2020. <\/li>\n<\/ul>\n<\/div>\n\n\n\n<div class=\"wp-block-column is-layout-flow wp-block-column-is-layout-flow\">\n<h4 class=\"wp-block-heading\">Curatorship<\/h4>\n\n\n\n<ul class=\"wp-block-list\">\n<li>Mientras Todos Duermen &#8211; Group show with Bernardo Lizarralde, Franco Miguens &amp; Sebasti\u00e1n Cosenza &#8211; Colada Gallery &amp; Ed. &#8211; Aug-Sep, 2025.<\/li>\n\n\n\n<li>Pulsiones Fr\u00e1giles &#8211; Group Show with Sebasti\u00e1n Cosenza, Laura Sussini, Mat\u00edas Maroevic, Ricardo Martino, Belgart Guys, Lul\u00fa Jankilevich, Franco Miguens, Lentepo, Florencia Matusovsky de Volder, Rich, Sebasti\u00e1n Gallo &amp; Mat\u00edas Buiatti &#8211; at Condesa Gallery &#8211; Buenos Aires. April-May, 2025.<\/li>\n<\/ul>\n\n\n\n<h4 class=\"wp-block-heading\">Teaching Experience<\/h4>\n\n\n\n<ul class=\"wp-block-list\">\n<li>Aesthetics Course in the Graphic and Visual Communication Degree &#8211; UCES.<\/li>\n\n\n\n<li>Photography Couse (UCES, UBA)<\/li>\n\n\n\n<li>Punto Rosa Escuela Courses &#8211; Homoerotic Photography Course.<\/li>\n<\/ul>\n\n\n\n<h4 class=\"wp-block-heading\">Education<\/h4>\n\n\n\n<ul class=\"wp-block-list\">\n<li>Master in Art Management &#8211; San Andr\u00e9s University &#8211; 2023.<\/li>\n\n\n\n<li>BOYS! BOYS! BOYS! Photography Course &#8211; 1st Class &#8211; 2022.<\/li>\n\n\n\n<li>Art Clinic: Lul\u00fa Jankilevich, Mat\u00edas Maroevic, Fabro Tranchida.<\/li>\n\n\n\n<li>Art History and Management Degree &#8211; Universidad del Salvador &#8211; 2015-2020.<\/li>\n<\/ul>\n\n\n\n<h4 class=\"wp-block-heading\">Fairs<\/h4>\n\n\n\n<ul class=\"wp-block-list\">\n<li>MAPA. Feria de arte contempor\u00e1neo &#8211; 2022, 2023, 2024.<\/li>\n\n\n\n<li>arteba &#8211; 2019, 2022, 2023, 2024.<\/li>\n<\/ul>\n\n\n\n<h4 class=\"wp-block-heading\">Books &amp; Publications<\/h4>\n\n\n\n<ul class=\"wp-block-list\">\n<li>COLADA Papel #4 &#8211; 2025.<\/li>\n\n\n\n<li>VIGIA &#8211; Ed. Punto Rosa Zines &#8211; 2024.<\/li>\n\n\n\n<li>BOYS! BOYS! BOYS! The Magazine vol. 8 &#8211; 2024.<\/li>\n\n\n\n<li>BOYS! BOYS! BOYS! The Book &#8211; 2023.<\/li>\n\n\n\n<li>BOYS! BOYS! BOYS! The Magazine vol 3. &#8211; 2022.<\/li>\n\n\n\n<li>Death In 35mm &#8211; Ed. Punto Rosa Zines &#8211; 2020.<\/li>\n<\/ul>\n<\/div>\n<\/div>\n\n\n\n<div style=\"height:40px\" aria-hidden=\"true\" class=\"wp-block-spacer\"><\/div>\n\n\n\n<figure class=\"wp-block-image aligncenter size-full is-resized wp-duotone-default-filter\"><img loading=\"lazy\" decoding=\"async\" width=\"630\" height=\"599\" data-attachment-id=\"788\" data-permalink=\"https:\/\/alejodillor.art\/?attachment_id=788\" data-orig-file=\"https:\/\/alejodillor.art\/wp-content\/uploads\/2024\/07\/pngwing.com_.png\" data-orig-size=\"630,599\" data-comments-opened=\"0\" data-image-meta=\"{&quot;aperture&quot;:&quot;&quot;,&quot;credit&quot;:&quot;&quot;,&quot;camera&quot;:&quot;&quot;,&quot;caption&quot;:&quot;&quot;,&quot;created_timestamp&quot;:&quot;&quot;,&quot;copyright&quot;:&quot;&quot;,&quot;focal_length&quot;:&quot;&quot;,&quot;iso&quot;:&quot;&quot;,&quot;shutter_speed&quot;:&quot;&quot;,&quot;title&quot;:&quot;&quot;,&quot;orientation&quot;:&quot;&quot;,&quot;longitude&quot;:&quot;0&quot;,&quot;latitude&quot;:&quot;0&quot;,&quot;info&quot;:&quot;&quot;,&quot;square-pos&quot;:&quot;&quot;,&quot;hero-pos&quot;:&quot;&quot;}\" data-image-title=\"pngwing.com_\" data-image-description=\"\" data-image-caption=\"\" data-medium-file=\"https:\/\/alejodillor.art\/wp-content\/uploads\/2024\/07\/pngwing.com_-300x285.png\" data-large-file=\"https:\/\/alejodillor.art\/wp-content\/uploads\/2024\/07\/pngwing.com_.png\" src=\"http:\/\/alejodillor.art\/wp-content\/uploads\/2024\/07\/pngwing.com_.png\" alt=\"\" class=\"wp-image-788\" style=\"width:96px;height:auto\" srcset=\"https:\/\/alejodillor.art\/wp-content\/uploads\/2024\/07\/pngwing.com_.png 630w, https:\/\/alejodillor.art\/wp-content\/uploads\/2024\/07\/pngwing.com_-600x570.png 600w, https:\/\/alejodillor.art\/wp-content\/uploads\/2024\/07\/pngwing.com_-300x285.png 300w\" sizes=\"auto, (max-width: 630px) 100vw, 630px\" \/><\/figure>\n","protected":false},"excerpt":{"rendered":"<p>Bio Alejo Dillor (born 1995 in Buenos Aires, Argentina) is a visual artist and teacher, holding a Bachelor&#8217;s degree in Arts Management and History from the University of Salvador. He is pursuing a Master&#8217;s degree in Cultural Management at the University of San Andr\u00e9s. In 2019, he started his project &#8220;Punto Rosa&#8221; to explore, through [&hellip;]<\/p>\n","protected":false},"author":1,"featured_media":0,"parent":0,"menu_order":0,"comment_status":"closed","ping_status":"closed","template":"","meta":{"footnotes":""},"class_list":["post-281","page","type-page","status-publish","hentry"],"jetpack_sharing_enabled":true,"_links":{"self":[{"href":"https:\/\/alejodillor.art\/index.php?rest_route=\/wp\/v2\/pages\/281","targetHints":{"allow":["GET"]}}],"collection":[{"href":"https:\/\/alejodillor.art\/index.php?rest_route=\/wp\/v2\/pages"}],"about":[{"href":"https:\/\/alejodillor.art\/index.php?rest_route=\/wp\/v2\/types\/page"}],"author":[{"embeddable":true,"href":"https:\/\/alejodillor.art\/index.php?rest_route=\/wp\/v2\/users\/1"}],"replies":[{"embeddable":true,"href":"https:\/\/alejodillor.art\/index.php?rest_route=%2Fwp%2Fv2%2Fcomments&post=281"}],"version-history":[{"count":11,"href":"https:\/\/alejodillor.art\/index.php?rest_route=\/wp\/v2\/pages\/281\/revisions"}],"predecessor-version":[{"id":1282,"href":"https:\/\/alejodillor.art\/index.php?rest_route=\/wp\/v2\/pages\/281\/revisions\/1282"}],"wp:attachment":[{"href":"https:\/\/alejodillor.art\/index.php?rest_route=%2Fwp%2Fv2%2Fmedia&parent=281"}],"curies":[{"name":"wp","href":"https:\/\/api.w.org\/{rel}","templated":true}]}}